{"id":2863,"date":"2023-04-28T09:27:39","date_gmt":"2023-04-28T07:27:39","guid":{"rendered":"http:\/\/localhost\/AnimoGeo\/?post_type=product&#038;p=2863"},"modified":"2023-08-31T10:54:06","modified_gmt":"2023-08-31T08:54:06","slug":"animogeo","status":"publish","type":"product","link":"https:\/\/animogeo-site-preprod.natixgroup.com\/en_gb\/product\/animogeo\/","title":{"rendered":"AnimoGeo"},"content":{"rendered":"<p>Suivez votre animal \u00e0 la trace \u00e0 tout moment, o\u00f9 qu&rsquo;il soit<br \/>\nTraceur id\u00e9al pour animaux de compagnie pour <span style=\"color: #db3b39;\">chien<\/span> ou <span style=\"color: #db3b39;\">chat<\/span> de toute \u00e2ge et de toute taille.<\/p>","protected":false},"excerpt":{"rendered":"<p>Suivez votre animal \u00e0 la trace \u00e0 tout moment, o\u00f9 qu&rsquo;il soit<br \/>\nTraceur GPS id\u00e9al pour animaux de compagnie pour <span style=\"color: #db3b39;\">chien<\/span> ou <span style=\"color: #db3b39;\">chat<\/span> de toute \u00e2ge et de toute taille.<\/p>","protected":false},"featured_media":2865,"comment_status":"open","ping_status":"closed","template":"","meta":{"inline_featured_image":false},"product_cat":[45],"product_tag":[],"class_list":{"0":"post-2863","1":"product","2":"type-product","3":"status-publish","4":"has-post-thumbnail","6":"product_cat-trackers","8":"first","9":"instock","10":"virtual","11":"purchasable","12":"product-type-simple"},"_links":{"self":[{"href":"https:\/\/animogeo-site-preprod.natixgroup.com\/en_gb\/wp-json\/wp\/v2\/product\/2863","targetHints":{"allow":["GET"]}}],"collection":[{"href":"https:\/\/animogeo-site-preprod.natixgroup.com\/en_gb\/wp-json\/wp\/v2\/product"}],"about":[{"href":"https:\/\/animogeo-site-preprod.natixgroup.com\/en_gb\/wp-json\/wp\/v2\/types\/product"}],"replies":[{"embeddable":true,"href":"https:\/\/animogeo-site-preprod.natixgroup.com\/en_gb\/wp-json\/wp\/v2\/comments?post=2863"}],"wp:featuredmedia":[{"embeddable":true,"href":"https:\/\/animogeo-site-preprod.natixgroup.com\/en_gb\/wp-json\/wp\/v2\/media\/2865"}],"wp:attachment":[{"href":"https:\/\/animogeo-site-preprod.natixgroup.com\/en_gb\/wp-json\/wp\/v2\/media?parent=2863"}],"wp:term":[{"taxonomy":"product_cat","embeddable":true,"href":"https:\/\/animogeo-site-preprod.natixgroup.com\/en_gb\/wp-json\/wp\/v2\/product_cat?post=2863"},{"taxonomy":"product_tag","embeddable":true,"href":"https:\/\/animogeo-site-preprod.natixgroup.com\/en_gb\/wp-json\/wp\/v2\/product_tag?post=2863"}],"curies":[{"name":"wp","href":"https:\/\/api.w.org\/{rel}","templated":true}]}}